{"id":865,"date":"2016-05-24T22:33:54","date_gmt":"2016-05-24T20:33:54","guid":{"rendered":"http:\/\/maisonestheremaryline.com\/preprod\/?page_id=865"},"modified":"2021-05-22T18:02:00","modified_gmt":"2021-05-22T16:02:00","slug":"a-propos","status":"publish","type":"page","link":"https:\/\/maisonestheremaryline.com\/FR\/a-propos\/","title":{"rendered":"\u00c0 propos"},"content":{"rendered":"","protected":false},"excerpt":{"rendered":"","protected":false},"author":1,"featured_media":0,"parent":0,"menu_order":-9,"comment_status":"closed","ping_status":"closed","template":"page-strip.php","meta":{"inline_featured_image":false,"footnotes":""},"class_list":["post-865","page","type-page","status-publish","hentry"],"yoast_head":"<!-- This site is optimized with the Yoast SEO plugin v24.1 - https:\/\/yoast.com\/wordpress\/plugins\/seo\/ -->\n<title>\u00c0 propos - Maison Esthere Maryline<\/title>\n<meta name=\"robots\" content=\"index, follow, max-snippet:-1, max-image-preview:large, max-video-preview:-1\" \/>\n<link rel=\"canonical\" href=\"https:\/\/maisonestheremaryline.com\/FR\/a-propos\/\" \/>\n<meta property=\"og:locale\" content=\"fr_FR\" \/>\n<meta property=\"og:type\" content=\"article\" \/>\n<meta property=\"og:title\" content=\"\u00c0 propos de moi\" \/>\n<meta property=\"og:description\" content=\"Tunisienne, perfectionniste et r\u00eaveuse, assembleuse de nu\u00e9es et artiste dans l\u2019\u00e2me, elle explora toutes les ruelles de l\u2019Aisthesis. Musicienne, sensible, com\u00e9dienne engag\u00e9e et artiste avant-gardiste, aux mains de sculptrice et une \u00e2me de peintre, elle cumula un savoir et une vertu invraisemblables, tout au long de cet itin\u00e9raire qui la mena vers l\u2019apog\u00e9e de sa carri\u00e8re aujourd\u2019hui. Elle embarque dans sa nouvelle p\u00e9r\u00e9grination, un voyage dans la sph\u00e8re tr\u00e8s pris\u00e9e de la HAUTE COUTURE gr\u00e2ce \u00e0 de somptueuses cr\u00e9ations au style compl\u00e8tement innovant et subtilement recherch\u00e9.\" \/>\n<meta property=\"og:url\" content=\"https:\/\/maisonestheremaryline.com\/FR\/a-propos\/\" \/>\n<meta property=\"og:site_name\" content=\"Maison Esthere Maryline\" \/>\n<meta property=\"article:publisher\" content=\"https:\/\/www.facebook.com\/pg\/EsthereMarylineCouture\" \/>\n<meta property=\"article:modified_time\" content=\"2021-05-22T16:02:00+00:00\" \/>\n<meta property=\"og:image\" content=\"https:\/\/maisonestheremaryline.com\/FR\/wp-content\/uploads\/2021\/05\/logo_maisonestheremaryline.com_2021-1.jpg\" \/>\n\t<meta property=\"og:image:width\" content=\"1920\" \/>\n\t<meta property=\"og:image:height\" content=\"1920\" \/>\n\t<meta property=\"og:image:type\" content=\"image\/jpeg\" \/>\n<meta name=\"twitter:card\" content=\"summary_large_image\" \/>\n<script type=\"application\/ld+json\" class=\"yoast-schema-graph\">{\"@context\":\"https:\/\/schema.org\",\"@graph\":[{\"@type\":\"WebPage\",\"@id\":\"https:\/\/maisonestheremaryline.com\/FR\/a-propos\/\",\"url\":\"https:\/\/maisonestheremaryline.com\/FR\/a-propos\/\",\"name\":\"\u00c0 propos - Maison Esthere Maryline\",\"isPartOf\":{\"@id\":\"https:\/\/maisonestheremaryline.com\/FR\/#website\"},\"datePublished\":\"2016-05-24T20:33:54+00:00\",\"dateModified\":\"2021-05-22T16:02:00+00:00\",\"breadcrumb\":{\"@id\":\"https:\/\/maisonestheremaryline.com\/FR\/a-propos\/#breadcrumb\"},\"inLanguage\":\"fr-FR\",\"potentialAction\":[{\"@type\":\"ReadAction\",\"target\":[\"https:\/\/maisonestheremaryline.com\/FR\/a-propos\/\"]}]},{\"@type\":\"BreadcrumbList\",\"@id\":\"https:\/\/maisonestheremaryline.com\/FR\/a-propos\/#breadcrumb\",\"itemListElement\":[{\"@type\":\"ListItem\",\"position\":1,\"name\":\"Accueil\",\"item\":\"https:\/\/maisonestheremaryline.com\/FR\/\"},{\"@type\":\"ListItem\",\"position\":2,\"name\":\"\u00c0 propos\"}]},{\"@type\":\"WebSite\",\"@id\":\"https:\/\/maisonestheremaryline.com\/FR\/#website\",\"url\":\"https:\/\/maisonestheremaryline.com\/FR\/\",\"name\":\"Maison Esthere Maryline\",\"description\":\"Luxury Fashion House based in Tunisia . Only Celebrities &amp; VIP\",\"potentialAction\":[{\"@type\":\"SearchAction\",\"target\":{\"@type\":\"EntryPoint\",\"urlTemplate\":\"https:\/\/maisonestheremaryline.com\/FR\/?s={search_term_string}\"},\"query-input\":{\"@type\":\"PropertyValueSpecification\",\"valueRequired\":true,\"valueName\":\"search_term_string\"}}],\"inLanguage\":\"fr-FR\"}]}<\/script>\n<!-- \/ Yoast SEO plugin. -->","yoast_head_json":{"title":"\u00c0 propos - Maison Esthere Maryline","robots":{"index":"index","follow":"follow","max-snippet":"max-snippet:-1","max-image-preview":"max-image-preview:large","max-video-preview":"max-video-preview:-1"},"canonical":"https:\/\/maisonestheremaryline.com\/FR\/a-propos\/","og_locale":"fr_FR","og_type":"article","og_title":"\u00c0 propos de moi","og_description":"Tunisienne, perfectionniste et r\u00eaveuse, assembleuse de nu\u00e9es et artiste dans l\u2019\u00e2me, elle explora toutes les ruelles de l\u2019Aisthesis. Musicienne, sensible, com\u00e9dienne engag\u00e9e et artiste avant-gardiste, aux mains de sculptrice et une \u00e2me de peintre, elle cumula un savoir et une vertu invraisemblables, tout au long de cet itin\u00e9raire qui la mena vers l\u2019apog\u00e9e de sa carri\u00e8re aujourd\u2019hui. Elle embarque dans sa nouvelle p\u00e9r\u00e9grination, un voyage dans la sph\u00e8re tr\u00e8s pris\u00e9e de la HAUTE COUTURE gr\u00e2ce \u00e0 de somptueuses cr\u00e9ations au style compl\u00e8tement innovant et subtilement recherch\u00e9.","og_url":"https:\/\/maisonestheremaryline.com\/FR\/a-propos\/","og_site_name":"Maison Esthere Maryline","article_publisher":"https:\/\/www.facebook.com\/pg\/EsthereMarylineCouture","article_modified_time":"2021-05-22T16:02:00+00:00","og_image":[{"width":1920,"height":1920,"url":"https:\/\/maisonestheremaryline.com\/FR\/wp-content\/uploads\/2021\/05\/logo_maisonestheremaryline.com_2021-1.jpg","type":"image\/jpeg"}],"twitter_card":"summary_large_image","schema":{"@context":"https:\/\/schema.org","@graph":[{"@type":"WebPage","@id":"https:\/\/maisonestheremaryline.com\/FR\/a-propos\/","url":"https:\/\/maisonestheremaryline.com\/FR\/a-propos\/","name":"\u00c0 propos - Maison Esthere Maryline","isPartOf":{"@id":"https:\/\/maisonestheremaryline.com\/FR\/#website"},"datePublished":"2016-05-24T20:33:54+00:00","dateModified":"2021-05-22T16:02:00+00:00","breadcrumb":{"@id":"https:\/\/maisonestheremaryline.com\/FR\/a-propos\/#breadcrumb"},"inLanguage":"fr-FR","potentialAction":[{"@type":"ReadAction","target":["https:\/\/maisonestheremaryline.com\/FR\/a-propos\/"]}]},{"@type":"BreadcrumbList","@id":"https:\/\/maisonestheremaryline.com\/FR\/a-propos\/#breadcrumb","itemListElement":[{"@type":"ListItem","position":1,"name":"Accueil","item":"https:\/\/maisonestheremaryline.com\/FR\/"},{"@type":"ListItem","position":2,"name":"\u00c0 propos"}]},{"@type":"WebSite","@id":"https:\/\/maisonestheremaryline.com\/FR\/#website","url":"https:\/\/maisonestheremaryline.com\/FR\/","name":"Maison Esthere Maryline","description":"Luxury Fashion House based in Tunisia . Only Celebrities &amp; VIP","potentialAction":[{"@type":"SearchAction","target":{"@type":"EntryPoint","urlTemplate":"https:\/\/maisonestheremaryline.com\/FR\/?s={search_term_string}"},"query-input":{"@type":"PropertyValueSpecification","valueRequired":true,"valueName":"search_term_string"}}],"inLanguage":"fr-FR"}]}},"_links":{"self":[{"href":"https:\/\/maisonestheremaryline.com\/FR\/wp-json\/wp\/v2\/pages\/865","targetHints":{"allow":["GET"]}}],"collection":[{"href":"https:\/\/maisonestheremaryline.com\/FR\/wp-json\/wp\/v2\/pages"}],"about":[{"href":"https:\/\/maisonestheremaryline.com\/FR\/wp-json\/wp\/v2\/types\/page"}],"author":[{"embeddable":true,"href":"https:\/\/maisonestheremaryline.com\/FR\/wp-json\/wp\/v2\/users\/1"}],"replies":[{"embeddable":true,"href":"https:\/\/maisonestheremaryline.com\/FR\/wp-json\/wp\/v2\/comments?post=865"}],"version-history":[{"count":4,"href":"https:\/\/maisonestheremaryline.com\/FR\/wp-json\/wp\/v2\/pages\/865\/revisions"}],"predecessor-version":[{"id":1458,"href":"https:\/\/maisonestheremaryline.com\/FR\/wp-json\/wp\/v2\/pages\/865\/revisions\/1458"}],"wp:attachment":[{"href":"https:\/\/maisonestheremaryline.com\/FR\/wp-json\/wp\/v2\/media?parent=865"}],"curies":[{"name":"wp","href":"https:\/\/api.w.org\/{rel}","templated":true}]}}