{"id":137,"date":"2015-05-20T13:34:29","date_gmt":"2015-05-20T11:34:29","guid":{"rendered":"http:\/\/www.gt3themes.com\/wordpress-themes\/goodwin\/?page_id=137"},"modified":"2021-05-22T18:06:06","modified_gmt":"2021-05-22T16:06:06","slug":"page-accueil","status":"publish","type":"page","link":"https:\/\/maisonestheremaryline.com\/FR\/","title":{"rendered":"Luxury Fashion House based in Tunisia . Only Celebrities &#038; VIP"},"content":{"rendered":"","protected":false},"excerpt":{"rendered":"","protected":false},"author":1,"featured_media":0,"parent":0,"menu_order":-10,"comment_status":"open","ping_status":"closed","template":"page-strip.php","meta":{"inline_featured_image":false,"footnotes":""},"class_list":["post-137","page","type-page","status-publish","hentry"],"yoast_head":"<!-- This site is optimized with the Yoast SEO plugin v24.1 - https:\/\/yoast.com\/wordpress\/plugins\/seo\/ -->\n<title>Luxury Fashion House based in Tunisia . Only Celebrities &amp; VIP - Maison Esthere Maryline<\/title>\n<meta name=\"description\" content=\"De la soie Dupion jusqu&#039;a la dentelle de Calais, Souhir El Gabsi styliste et fondatrice de la Maison ESTHERE MARYLIN,glorifie magistralement ses mari\u00e9es .Fond\u00e9e en 2012, devenue aujourd&#039;hui une grandeenseigne de location et vente de robes de mari\u00e9es , Lamaison ESTHERE MARYLIN a fait que chaque mari\u00e9e soitunique devant l&#039;autel. Sp\u00e9cialiste du sur-mesure, chaquerobe raconte l&#039;histoire de celle qui l&#039;a port\u00e9 la toutepremi\u00e8re fois et reste a jamais une pi\u00e8ce unique en songenre.\" \/>\n<meta name=\"robots\" content=\"index, follow, max-snippet:-1, max-image-preview:large, max-video-preview:-1\" \/>\n<link rel=\"canonical\" href=\"https:\/\/maisonestheremaryline.com\/FR\/\" \/>\n<meta property=\"og:locale\" content=\"fr_FR\" \/>\n<meta property=\"og:type\" content=\"article\" \/>\n<meta property=\"og:title\" content=\"Luxury Fashion House based in Tunisia . Only Celebrities &amp; VIP - Maison Esthere Maryline\" \/>\n<meta property=\"og:description\" content=\"De la soie Dupion jusqu&#039;a la dentelle de Calais, Souhir El Gabsi styliste et fondatrice de la Maison ESTHERE MARYLIN,glorifie magistralement ses mari\u00e9es .Fond\u00e9e en 2012, devenue aujourd&#039;hui une grandeenseigne de location et vente de robes de mari\u00e9es , Lamaison ESTHERE MARYLIN a fait que chaque mari\u00e9e soitunique devant l&#039;autel. Sp\u00e9cialiste du sur-mesure, chaquerobe raconte l&#039;histoire de celle qui l&#039;a port\u00e9 la toutepremi\u00e8re fois et reste a jamais une pi\u00e8ce unique en songenre.\" \/>\n<meta property=\"og:url\" content=\"https:\/\/maisonestheremaryline.com\/FR\/\" \/>\n<meta property=\"og:site_name\" content=\"Maison Esthere Maryline\" \/>\n<meta property=\"article:publisher\" content=\"https:\/\/www.facebook.com\/pg\/EsthereMarylineCouture\" \/>\n<meta property=\"article:modified_time\" content=\"2021-05-22T16:06:06+00:00\" \/>\n<meta property=\"og:image\" content=\"https:\/\/maisonestheremaryline.com\/FR\/wp-content\/uploads\/2019\/05\/20190516_190950.jpg\" \/>\n\t<meta property=\"og:image:width\" content=\"1078\" \/>\n\t<meta property=\"og:image:height\" content=\"1618\" \/>\n\t<meta property=\"og:image:type\" content=\"image\/jpeg\" \/>\n<meta name=\"twitter:card\" content=\"summary_large_image\" \/>\n<script type=\"application\/ld+json\" class=\"yoast-schema-graph\">{\"@context\":\"https:\/\/schema.org\",\"@graph\":[{\"@type\":\"WebPage\",\"@id\":\"https:\/\/maisonestheremaryline.com\/FR\/\",\"url\":\"https:\/\/maisonestheremaryline.com\/FR\/\",\"name\":\"Luxury Fashion House based in Tunisia . Only Celebrities & VIP - Maison Esthere Maryline\",\"isPartOf\":{\"@id\":\"https:\/\/maisonestheremaryline.com\/FR\/#website\"},\"datePublished\":\"2015-05-20T11:34:29+00:00\",\"dateModified\":\"2021-05-22T16:06:06+00:00\",\"description\":\"De la soie Dupion jusqu'a la dentelle de Calais, Souhir El Gabsi styliste et fondatrice de la Maison ESTHERE MARYLIN,glorifie magistralement ses mari\u00e9es .Fond\u00e9e en 2012, devenue aujourd'hui une grandeenseigne de location et vente de robes de mari\u00e9es , Lamaison ESTHERE MARYLIN a fait que chaque mari\u00e9e soitunique devant l'autel. Sp\u00e9cialiste du sur-mesure, chaquerobe raconte l'histoire de celle qui l'a port\u00e9 la toutepremi\u00e8re fois et reste a jamais une pi\u00e8ce unique en songenre.\",\"breadcrumb\":{\"@id\":\"https:\/\/maisonestheremaryline.com\/FR\/#breadcrumb\"},\"inLanguage\":\"fr-FR\",\"potentialAction\":[{\"@type\":\"ReadAction\",\"target\":[\"https:\/\/maisonestheremaryline.com\/FR\/\"]}]},{\"@type\":\"BreadcrumbList\",\"@id\":\"https:\/\/maisonestheremaryline.com\/FR\/#breadcrumb\",\"itemListElement\":[{\"@type\":\"ListItem\",\"position\":1,\"name\":\"Accueil\",\"item\":\"https:\/\/maisonestheremaryline.com\/FR\/\"},{\"@type\":\"ListItem\",\"position\":2,\"name\":\"Luxury Fashion House based in Tunisia . Only Celebrities &#038; VIP\"}]},{\"@type\":\"WebSite\",\"@id\":\"https:\/\/maisonestheremaryline.com\/FR\/#website\",\"url\":\"https:\/\/maisonestheremaryline.com\/FR\/\",\"name\":\"Maison Esthere Maryline\",\"description\":\"Luxury Fashion House based in Tunisia . Only Celebrities &amp; VIP\",\"potentialAction\":[{\"@type\":\"SearchAction\",\"target\":{\"@type\":\"EntryPoint\",\"urlTemplate\":\"https:\/\/maisonestheremaryline.com\/FR\/?s={search_term_string}\"},\"query-input\":{\"@type\":\"PropertyValueSpecification\",\"valueRequired\":true,\"valueName\":\"search_term_string\"}}],\"inLanguage\":\"fr-FR\"}]}<\/script>\n<!-- \/ Yoast SEO plugin. -->","yoast_head_json":{"title":"Luxury Fashion House based in Tunisia . Only Celebrities & VIP - Maison Esthere Maryline","description":"De la soie Dupion jusqu'a la dentelle de Calais, Souhir El Gabsi styliste et fondatrice de la Maison ESTHERE MARYLIN,glorifie magistralement ses mari\u00e9es .Fond\u00e9e en 2012, devenue aujourd'hui une grandeenseigne de location et vente de robes de mari\u00e9es , Lamaison ESTHERE MARYLIN a fait que chaque mari\u00e9e soitunique devant l'autel. Sp\u00e9cialiste du sur-mesure, chaquerobe raconte l'histoire de celle qui l'a port\u00e9 la toutepremi\u00e8re fois et reste a jamais une pi\u00e8ce unique en songenre.","robots":{"index":"index","follow":"follow","max-snippet":"max-snippet:-1","max-image-preview":"max-image-preview:large","max-video-preview":"max-video-preview:-1"},"canonical":"https:\/\/maisonestheremaryline.com\/FR\/","og_locale":"fr_FR","og_type":"article","og_title":"Luxury Fashion House based in Tunisia . Only Celebrities & VIP - Maison Esthere Maryline","og_description":"De la soie Dupion jusqu'a la dentelle de Calais, Souhir El Gabsi styliste et fondatrice de la Maison ESTHERE MARYLIN,glorifie magistralement ses mari\u00e9es .Fond\u00e9e en 2012, devenue aujourd'hui une grandeenseigne de location et vente de robes de mari\u00e9es , Lamaison ESTHERE MARYLIN a fait que chaque mari\u00e9e soitunique devant l'autel. Sp\u00e9cialiste du sur-mesure, chaquerobe raconte l'histoire de celle qui l'a port\u00e9 la toutepremi\u00e8re fois et reste a jamais une pi\u00e8ce unique en songenre.","og_url":"https:\/\/maisonestheremaryline.com\/FR\/","og_site_name":"Maison Esthere Maryline","article_publisher":"https:\/\/www.facebook.com\/pg\/EsthereMarylineCouture","article_modified_time":"2021-05-22T16:06:06+00:00","og_image":[{"width":1078,"height":1618,"url":"https:\/\/maisonestheremaryline.com\/FR\/wp-content\/uploads\/2019\/05\/20190516_190950.jpg","type":"image\/jpeg"}],"twitter_card":"summary_large_image","schema":{"@context":"https:\/\/schema.org","@graph":[{"@type":"WebPage","@id":"https:\/\/maisonestheremaryline.com\/FR\/","url":"https:\/\/maisonestheremaryline.com\/FR\/","name":"Luxury Fashion House based in Tunisia . Only Celebrities & VIP - Maison Esthere Maryline","isPartOf":{"@id":"https:\/\/maisonestheremaryline.com\/FR\/#website"},"datePublished":"2015-05-20T11:34:29+00:00","dateModified":"2021-05-22T16:06:06+00:00","description":"De la soie Dupion jusqu'a la dentelle de Calais, Souhir El Gabsi styliste et fondatrice de la Maison ESTHERE MARYLIN,glorifie magistralement ses mari\u00e9es .Fond\u00e9e en 2012, devenue aujourd'hui une grandeenseigne de location et vente de robes de mari\u00e9es , Lamaison ESTHERE MARYLIN a fait que chaque mari\u00e9e soitunique devant l'autel. Sp\u00e9cialiste du sur-mesure, chaquerobe raconte l'histoire de celle qui l'a port\u00e9 la toutepremi\u00e8re fois et reste a jamais une pi\u00e8ce unique en songenre.","breadcrumb":{"@id":"https:\/\/maisonestheremaryline.com\/FR\/#breadcrumb"},"inLanguage":"fr-FR","potentialAction":[{"@type":"ReadAction","target":["https:\/\/maisonestheremaryline.com\/FR\/"]}]},{"@type":"BreadcrumbList","@id":"https:\/\/maisonestheremaryline.com\/FR\/#breadcrumb","itemListElement":[{"@type":"ListItem","position":1,"name":"Accueil","item":"https:\/\/maisonestheremaryline.com\/FR\/"},{"@type":"ListItem","position":2,"name":"Luxury Fashion House based in Tunisia . Only Celebrities &#038; VIP"}]},{"@type":"WebSite","@id":"https:\/\/maisonestheremaryline.com\/FR\/#website","url":"https:\/\/maisonestheremaryline.com\/FR\/","name":"Maison Esthere Maryline","description":"Luxury Fashion House based in Tunisia . Only Celebrities &amp; VIP","potentialAction":[{"@type":"SearchAction","target":{"@type":"EntryPoint","urlTemplate":"https:\/\/maisonestheremaryline.com\/FR\/?s={search_term_string}"},"query-input":{"@type":"PropertyValueSpecification","valueRequired":true,"valueName":"search_term_string"}}],"inLanguage":"fr-FR"}]}},"_links":{"self":[{"href":"https:\/\/maisonestheremaryline.com\/FR\/wp-json\/wp\/v2\/pages\/137","targetHints":{"allow":["GET"]}}],"collection":[{"href":"https:\/\/maisonestheremaryline.com\/FR\/wp-json\/wp\/v2\/pages"}],"about":[{"href":"https:\/\/maisonestheremaryline.com\/FR\/wp-json\/wp\/v2\/types\/page"}],"author":[{"embeddable":true,"href":"https:\/\/maisonestheremaryline.com\/FR\/wp-json\/wp\/v2\/users\/1"}],"replies":[{"embeddable":true,"href":"https:\/\/maisonestheremaryline.com\/FR\/wp-json\/wp\/v2\/comments?post=137"}],"version-history":[{"count":3,"href":"https:\/\/maisonestheremaryline.com\/FR\/wp-json\/wp\/v2\/pages\/137\/revisions"}],"predecessor-version":[{"id":1446,"href":"https:\/\/maisonestheremaryline.com\/FR\/wp-json\/wp\/v2\/pages\/137\/revisions\/1446"}],"wp:attachment":[{"href":"https:\/\/maisonestheremaryline.com\/FR\/wp-json\/wp\/v2\/media?parent=137"}],"curies":[{"name":"wp","href":"https:\/\/api.w.org\/{rel}","templated":true}]}}